{"id":669,"date":"2018-07-11T10:57:45","date_gmt":"2018-07-11T10:57:45","guid":{"rendered":"http:\/\/lexelart.com\/?page_id=669"},"modified":"2018-08-01T11:17:00","modified_gmt":"2018-08-01T11:17:00","slug":"settore-delle-calzature-di-produzione-ecologica","status":"publish","type":"page","link":"https:\/\/lexelart.com\/it\/settore-delle-calzature-di-produzione-ecologica\/","title":{"rendered":"ECO"},"content":{"rendered":"<\/div><\/div><\/div><!-- close content main div --><\/div><\/div><div id='full_slider_1' class='avia-fullwidth-slider main_color avia-shadow   container_wrap sidebar_right'   ><div  data-size='no scaling'  data-lightbox_size='large'  data-animation='slide'  data-conditional_play=''  data-ids='761'  data-video_counter='0'  data-autoplay='false'  data-bg_slider='false'  data-slide_height=''  data-handle='av_slideshow_full'  data-interval='5'  data-class=' '  data-css_id=''  data-scroll_down=''  data-control_layout='av-control-default'  data-custom_markup=''  data-perma_caption=''  data-autoplay_stopper=''  data-image_attachment=''  data-min_height='0px'  data-src=''  data-position='top left'  data-repeat='no-repeat'  data-attach='scroll'  data-stretch=''  class='avia-slideshow avia-slideshow-1  av-control-default av-default-height-applied avia-slideshow-no scaling av_slideshow_full   avia-slide-slider '  itemprop=\"ImageObject\" itemscope=\"itemscope\" itemtype=\"https:\/\/schema.org\/ImageObject\" ><ul class='avia-slideshow-inner ' style='padding-bottom: 26.041666666667%;' ><li  class=' av-single-slide slide-1 ' ><div data-rel='slideshow-1' class='avia-slide-wrap '   ><img src='https:\/\/lexelart.com\/wp-content\/uploads\/2018\/08\/eco-hd.jpg' width='1920' height='500' title='eco-hd' alt=''  itemprop=\"thumbnailUrl\"   \/><\/div><\/li><\/ul><\/div><\/div>\n<div class=\"tabcontainer   top_tab  \">\n\n<section class=\"av_tab_section\"  itemscope=\"itemscope\" itemtype=\"https:\/\/schema.org\/CreativeWork\" >    <div data-fake-id=\"#tab-id-1\" class=\"tab active_tab\"  itemprop=\"headline\" >PRODUCCIONES SOSTENIBLES<\/div>\n    <div id=\"tab-id-1-container\" class=\"tab_content active_tab_content\">\n        <div class=\"tab_inner_content invers-color\"  itemprop=\"text\" >\n<p>El grupo Lexelart, esta compuesto por dos sociedades, Lexelart S.L.U. que se dedica al control de calidad para otras empresas de la industria de la moda e International Lexelart Shoe Group, S.L. que comercializa su propia marca.<\/p>\n<p>Lexelart como fusion empresarial ha decidido renovar su plan estrategico, incorporando los valores y principios de una empresa sostenible dentro de su modelo de negocio para aportar con su actividad un valor importante a la sociedad.<\/p>\n<p>Hasta principios del a\u00f1o 2018, las actividades de ambas empresas consestian en ofrecer servicios de control, gesti\u00f3n y supervisi\u00f3n de las producciones de otras marcas en diversos paises, pudiendo llegar a fidelizar clientes tan importantes como Florsheim kids del grupo Weyco, empresa centenar de EEUU. Este logro lo habia conseguido la empresa mediante a su dedicaci\u00f3n, fiabilidad, transparencia y capacidad de gesti\u00f3n. La honestidad y seriedad de sus directivos siempre se ha ganado la confianza de sus clientes. Del mismo modo, que sus marcas propias, son populares en el mercado del calzado infantil por defender los derechos de los animales, fomentando el amor hacia la naturaleza, mediante cuentos infantiles que incorporan en sus desfiles de moda. El mundo de la inocencia de los ni\u00f1os, siempre ha sido el estandarte de la empresa, queriendo a portar lo mejor para su desarrollo.<\/p>\n<p>Impulsados siempre con una motivaci\u00f3n de ayudar y apoyar a sus clientes, el grupo Lexelart, decide hace un par de meses, en convertirse en una empresa sostenible, utilizando y recomendando materiales ecologicos y veganos a sus clientes, para preservar de este modo la vida del planeta.<\/p>\n<p>En la actualidad ya estan varios proyectos de sostenibilidad en marcha y la empresa decide invertir en esta estrategia para poder difundir el uso de materiales veganos y ecologicos y asi ofrecerle un valor a\u00f1adido a sus clientes.<\/p>\n\n        <\/div>\n    <\/div>\n<\/section>\n\n<section class=\"av_tab_section\"  itemscope=\"itemscope\" itemtype=\"https:\/\/schema.org\/CreativeWork\" >    <div data-fake-id=\"#tab-id-2\" class=\"tab \"  itemprop=\"headline\" >MATERIALES ECOL\u00d3GICOS<\/div>\n    <div id=\"tab-id-2-container\" class=\"tab_content \">\n        <div class=\"tab_inner_content invers-color\"  itemprop=\"text\" >\n<p>El grupo Lexelart, ha realizado un estudio profundo sobre los proveedores existentes que fabrican materias primas sostenibles, de los cuales, ha seleccionado a los siguientes para utilizar sus materias primas en sus producciones, este proceso va a ser gradual, donde algunos clientes ya han decidido utilizar estas materias primas de forma exclusiva y otros de forma parcial.<\/p>\n<p>El Grupo Moron, fabrica \u201cpieles\u201d veganas de microfibra, que emitan la piel animal, teniendo mayores propiedades que la piel.<\/p>\n<p>Antonio Ferre dispone de diversos tejidos totalmente ecologicos y reciclados. Boliflex, es un fabricante de suelas que solo utiliza gomas recicladas ATB, complementa la oferta de tejidos de Antonio Ferre con tejidos organicos.<\/p>\n<p><img decoding=\"async\" loading=\"lazy\" class=\"aligncenter wp-image-615 size-full\" src=\"https:\/\/lexelart.com\/wp-content\/uploads\/2018\/07\/MATERIALES-ECOL\u00d3GICOS-sector-calzado.jpg\" alt=\"\" width=\"1000\" height=\"614\" srcset=\"https:\/\/lexelart.com\/wp-content\/uploads\/2018\/07\/MATERIALES-ECOL\u00d3GICOS-sector-calzado.jpg 1000w, https:\/\/lexelart.com\/wp-content\/uploads\/2018\/07\/MATERIALES-ECOL\u00d3GICOS-sector-calzado-300x184.jpg 300w, https:\/\/lexelart.com\/wp-content\/uploads\/2018\/07\/MATERIALES-ECOL\u00d3GICOS-sector-calzado-768x472.jpg 768w, https:\/\/lexelart.com\/wp-content\/uploads\/2018\/07\/MATERIALES-ECOL\u00d3GICOS-sector-calzado-705x433.jpg 705w, https:\/\/lexelart.com\/wp-content\/uploads\/2018\/07\/MATERIALES-ECOL\u00d3GICOS-sector-calzado-450x276.jpg 450w\" sizes=\"(max-width: 1000px) 100vw, 1000px\" \/><\/p>\n\n        <\/div>\n    <\/div>\n<\/section>\n\n<section class=\"av_tab_section\"  itemscope=\"itemscope\" itemtype=\"https:\/\/schema.org\/CreativeWork\" >    <div data-fake-id=\"#tab-id-3\" class=\"tab \"  itemprop=\"headline\" >MODA VEGANA<\/div>\n    <div id=\"tab-id-3-container\" class=\"tab_content \">\n        <div class=\"tab_inner_content invers-color\"  itemprop=\"text\" >\n<p>LEXELART, con este proyecto quiere convertirse en un referente de empresa sostenible, que recicla los residuos, colabora con su entorno social, y guia proactivamente a sus clientes a la inclusi\u00f3n de materias primas ecologicas, veganas sin origen animal y fabricadas de forma sostenible sin la emisi\u00f3n de CO2.<\/p>\n<p><strong>La moda, puede ser ecologica. Estos son algunos de los clientes de Lexelart en la actualidad:<\/strong><\/p>\n<p><img decoding=\"async\" loading=\"lazy\" class=\"aligncenter wp-image-614 size-full\" src=\"https:\/\/lexelart.com\/wp-content\/uploads\/2018\/07\/clientes-moda-vegana-sector-calzado.jpg\" alt=\"\" width=\"1000\" height=\"466\" srcset=\"https:\/\/lexelart.com\/wp-content\/uploads\/2018\/07\/clientes-moda-vegana-sector-calzado.jpg 1000w, https:\/\/lexelart.com\/wp-content\/uploads\/2018\/07\/clientes-moda-vegana-sector-calzado-300x140.jpg 300w, https:\/\/lexelart.com\/wp-content\/uploads\/2018\/07\/clientes-moda-vegana-sector-calzado-768x358.jpg 768w, https:\/\/lexelart.com\/wp-content\/uploads\/2018\/07\/clientes-moda-vegana-sector-calzado-705x329.jpg 705w, https:\/\/lexelart.com\/wp-content\/uploads\/2018\/07\/clientes-moda-vegana-sector-calzado-450x210.jpg 450w\" sizes=\"(max-width: 1000px) 100vw, 1000px\" \/><\/p>\n\n        <\/div>\n    <\/div>\n<\/section>\n\n<\/div>\n\n","protected":false},"excerpt":{"rendered":"<p>https:\/\/lexelart.com\/?page_id=669<\/p>\n","protected":false},"author":1,"featured_media":0,"parent":0,"menu_order":0,"comment_status":"closed","ping_status":"closed","template":"","meta":{"footnotes":""},"aioseo_notices":[],"_links":{"self":[{"href":"https:\/\/lexelart.com\/it\/wp-json\/wp\/v2\/pages\/669"}],"collection":[{"href":"https:\/\/lexelart.com\/it\/wp-json\/wp\/v2\/pages"}],"about":[{"href":"https:\/\/lexelart.com\/it\/wp-json\/wp\/v2\/types\/page"}],"author":[{"embeddable":true,"href":"https:\/\/lexelart.com\/it\/wp-json\/wp\/v2\/users\/1"}],"replies":[{"embeddable":true,"href":"https:\/\/lexelart.com\/it\/wp-json\/wp\/v2\/comments?post=669"}],"version-history":[{"count":4,"href":"https:\/\/lexelart.com\/it\/wp-json\/wp\/v2\/pages\/669\/revisions"}],"predecessor-version":[{"id":771,"href":"https:\/\/lexelart.com\/it\/wp-json\/wp\/v2\/pages\/669\/revisions\/771"}],"wp:attachment":[{"href":"https:\/\/lexelart.com\/it\/wp-json\/wp\/v2\/media?parent=669"}],"curies":[{"name":"wp","href":"https:\/\/api.w.org\/{rel}","templated":true}]}}