{"id":230,"date":"2016-09-14T14:48:58","date_gmt":"2016-09-14T14:48:58","guid":{"rendered":"http:\/\/lexelart.com\/?page_id=230"},"modified":"2016-09-19T07:39:04","modified_gmt":"2016-09-19T07:39:04","slug":"servizi","status":"publish","type":"page","link":"https:\/\/lexelart.com\/it\/servizi\/","title":{"rendered":"SERVIZI"},"content":{"rendered":"<\/div><\/div><\/div><!-- close content main div --><\/div><\/div><div id='full_slider_1' class='avia-fullwidth-slider main_color avia-shadow   container_wrap sidebar_right'   ><div  data-size='no scaling'  data-lightbox_size='large'  data-animation='slide'  data-conditional_play=''  data-ids='150'  data-video_counter='0'  data-autoplay='false'  data-bg_slider='false'  data-slide_height=''  data-handle='av_slideshow_full'  data-interval='5'  data-class=' '  data-css_id=''  data-scroll_down=''  data-control_layout='av-control-default'  data-custom_markup=''  data-perma_caption=''  data-autoplay_stopper=''  data-image_attachment=''  data-min_height='0px'  data-src=''  data-position='top left'  data-repeat='no-repeat'  data-attach='scroll'  data-stretch=''  class='avia-slideshow avia-slideshow-1  av-control-default av-default-height-applied avia-slideshow-no scaling av_slideshow_full   avia-slide-slider '  itemprop=\"ImageObject\" itemscope=\"itemscope\" itemtype=\"https:\/\/schema.org\/ImageObject\" ><ul class='avia-slideshow-inner ' style='padding-bottom: 26.041666666667%;' ><li  class=' av-single-slide slide-1 ' ><div data-rel='slideshow-1' class='avia-slide-wrap '   ><img src='https:\/\/lexelart.com\/wp-content\/uploads\/2016\/09\/servicios.jpg' width='1920' height='500' title='servicios' alt=''  itemprop=\"thumbnailUrl\"   \/><\/div><\/li><\/ul><\/div><\/div>\n<div class=\"flex_column av_one_full  flex_column_div av-zero-column-padding first  \" style='border-radius:0px; '><div class=\"tabcontainer   top_tab  \">\n\n<section class=\"av_tab_section\"  itemscope=\"itemscope\" itemtype=\"https:\/\/schema.org\/CreativeWork\" >    <div data-fake-id=\"#tab-id-1\" class=\"tab active_tab\"  itemprop=\"headline\" >Introduzione<\/div>\n    <div id=\"tab-id-1-container\" class=\"tab_content active_tab_content\">\n        <div class=\"tab_inner_content invers-color\"  itemprop=\"text\" >\n<p>Offriamo professionalit\u00e0, esperienza, design e servizi di controllo qualit\u00e0 secondo le esigenze e la tipologia dei nostri clienti.<\/p>\n<p>Agevoliamo le operazioni di acquisto e produzione di qualsiasi azienda interessata ad acquistare un prodotto di qualit\u00e0, consentendo alla stessa di focalizzare la propria attenzione solo sulla commercializzazione del prodotto, con un conseguente risparmio.<\/p>\n<p>Effettuiamo tests sia nei nostri laboratori che nei nostri siti produttivi.<\/p>\n<p>Controlliamo la qualit\u00e0 ed effettuiamo test su tutti i materiali, dalla tomaia alla suola, includendo resistenza a flessione, trazione, allungamento, strappo, calore, abrasione, sudore, luce, migrazione, ecc.<\/p>\n<p>I test da noi effettuati sono in conformit\u00e0 alle seguenti direttive nazionali ed internazionali o in conformit\u00e0 alle richieste specifiche dei nostri clienti:<\/p>\n<p>GERMANIA<br \/>\nDeutsches Institut f\u00fcr Normung (DIN)<br \/>\nSTATI UNITI<br \/>\nAmerican Society of Testing and Material (ASTM)<br \/>\nSPAGNA<br \/>\nAsociaci\u00f3n Espa\u00f1ola de Normalizaci\u00f3n y Certificaci\u00f3n (AEONOR)<br \/>\nNormas UNE<br \/>\nREGNO UNITO<br \/>\nBritish Standard (BS)<br \/>\nSATRA<br \/>\nALTRI<br \/>\nInternational Standard Organization (ISO)<\/p>\n<p>In aggiunta ai test di qualit\u00e0, effettuiamo continui controlli durante lo sviluppo dei campioni, la pre-produzione, la produzione ed il carico della merce per la spedizione.<\/p>\n<p>I nostri ispettori effettuano un controllo totale del prodotto, riducendo il rischio di contestazioni per difetti occulti, e verificando anche tutte le specifiche relative al confezionamento della merce.<\/p>\n<p>Offriamo i seguenti vantaggi:<\/p>\n<ul>\n<li>Riduzione del rischio di ricevere merce difettosa o diversa dal campione di conferma.<\/li>\n<li>Una qualit\u00e0 particolarmente accurata, pari a quella di qualsiasi produzione europea, affinch\u00e8 il prodotto dei nostri clienti sia ancora pi\u00f9 competitivo sul mercato<\/li>\n<li>Mantenimento ed accrescimento della reputazione dei prodotti dei nostri clienti<\/li>\n<li>Riduzione dei costi di trasporto e di controllo presso i clienti in quanto i controlli sono effettuati quotidianamente nel sito produttivo<\/li>\n<\/ul>\n<p>Al tempo stesso ci occupiamo della distribuzione di marchi internazionali tramite le nostre consociate, alcune delle quali sono i canali di distribuzione pi\u00f9 importanti dei mercati asiatico ed americano.<\/p>\n\n        <\/div>\n    <\/div>\n<\/section>\n\n<section class=\"av_tab_section\"  itemscope=\"itemscope\" itemtype=\"https:\/\/schema.org\/CreativeWork\" >    <div data-fake-id=\"#tab-id-2\" class=\"tab \"  itemprop=\"headline\" >Materie prime nell\u2019industria calzaturiera<\/div>\n    <div id=\"tab-id-2-container\" class=\"tab_content \">\n        <div class=\"tab_inner_content invers-color\"  itemprop=\"text\" >\n<p>Le nostre filiali realizzano una ricerca costante per creare sinergie tra i vari settori della calzatura e della moda.<br \/>\nOffriamo inoltre il nostro supporto tecnico ai fornitori di materie prime consentendo loro di introdurre i loro prodotti in altre fabbriche sia pubbliche sia private, contribuendo cos\u00ec a diffondere la tecnologia europea a garanzia dei nostri prodotti.<\/p>\n<p>Lexelart apre le porte al mercato e all\u2019industria calzaturiera sia nella produzione sia nella commercializzazione a livello mondiale.<\/p>\n\n        <\/div>\n    <\/div>\n<\/section>\n\n<section class=\"av_tab_section\"  itemscope=\"itemscope\" itemtype=\"https:\/\/schema.org\/CreativeWork\" >    <div data-fake-id=\"#tab-id-3\" class=\"tab \"  itemprop=\"headline\" >Co-operazione internazionale<\/div>\n    <div id=\"tab-id-3-container\" class=\"tab_content \">\n        <div class=\"tab_inner_content invers-color\"  itemprop=\"text\" >\n<p>LEXELART collabora con tutte le sue aziende\/partner commerciali per diffondere i propri prodotti in maniera adeguata sul mercato internazionale. Apportiamo nuove tecnologie, macchinari ed usufruiamo di reti commerciali con l\u2019obbiettivo di garantire al prodotto maggiori livelli qualitativi e di prestigio. Riduciamo i rischi della compravendita con terzi paesi coinvolti aiutandoli a introdurre i loro prodotti in nuovi mercati.<\/p>\n\n        <\/div>\n    <\/div>\n<\/section>\n\n<section class=\"av_tab_section\"  itemscope=\"itemscope\" itemtype=\"https:\/\/schema.org\/CreativeWork\" >    <div data-fake-id=\"#tab-id-4\" class=\"tab \"  itemprop=\"headline\" >Controllo qualit\u00e0<\/div>\n    <div id=\"tab-id-4-container\" class=\"tab_content \">\n        <div class=\"tab_inner_content invers-color\"  itemprop=\"text\" >\n<p>LEXELART si avvale di propri laboratori dove vengono effettuati test di qualit\u00e0 e di avviamento, previsti dalle norme internazionali.<\/p>\n<p>La nostra attivit\u00e0 consiste nell\u2019effettuare test di:<\/p>\n<ul>\n<li>Incollaggio dei tacchi<\/li>\n<li>Resistenza al distacco della tomaia dalla suola<\/li>\n<li>Rottura cuciture<\/li>\n<li>Resistenza allo strappo<\/li>\n<li>Resistenza alla trazione e all\u2019allungamento<\/li>\n<li>Resistenza del fiore della pelle<\/li>\n<li>Resistenza alla flessione<\/li>\n<li>Verifica della tenuta dei vari componenti della\u00a0calzatura<\/li>\n<li>Resistenza al calore<\/li>\n<li>Resistenza all\u2019abrasione<\/li>\n<li>Verifica della traspirabilit\u00e0<\/li>\n<li>Resistenza alla luce<\/li>\n<li>Resistenza della solidit\u00e0 del colore<\/li>\n<li>Verifica dell\u2019impermeabilit\u00e0<\/li>\n<li>Fissaggio del colore su tomaie e fodere<\/li>\n<li>Resistenza alla corrosione e ossidazione degli<br \/>\naccessori metallici<\/li>\n<\/ul>\n<p>Per tutta la pre-produzione fino al ricevimento dei materiali da parte dei nostri fornitori tutti i materiali continuano ad essere sottoposti a controlli e test minuziosi con l\u2019obiettivo di assicurare che tutti i componenti rispondano alle norme previste dai nostri contratti di acquisto. Successivamente, durante tutto il processo di produzione vengono verificate la resistenza dell\u2019incollaggio della calzatura cos\u00ec come i processi di incollaggio effettuati dai lavoratori.<br \/>\nRealizziamo tutti i principali tipi di costruzione come mocassini, montato, cucito Willi, Good-Year, vulcanizzato, autoclave, Strobel, California, scarpe eleganti e da cerimonia, tutte le tipologie di sandali e ancora stivali, scarponi da montagna e da Motocross.<br \/>\nLe nostre linee coprono taglie da uomo, donna e bambino.<\/p>\n<p>I nostri reparti dispongono delle migliori tecnologie e degli strumenti pi\u00f9 avanzati con cui si realizzano quotidianamente controlli qualit\u00e0 con l\u2019ausilio di sensori per l\u2019individuazione di aghi\/chiodi rotti all\u2019interno delle calzature. I nostri \u201cuffici\u201d sono perfettamente organizzati e godono di personale altamente qualificato. Vengono inoltre costantemente e rigorosamente monitorate le abilit\u00e0 e \u201cconoscenze\u201d del personale per poter far fronte a cuciture, timbrature a caldo, pressione e a colore, stampe laser, ornamenti e bordature, tutti con la massima qualit\u00e0.<\/p>\n<p>In tutti i nostri stabilimenti si portano a termine controlli approfonditi sull\u2019avanzamento giornaliero della produzione i cui resoconti vengono trasmessi ai nostri clienti. In questo modo i clienti sono tenuti al corrente in qualsiasi momento della reale situazione di produzione.<\/p>\n\n        <\/div>\n    <\/div>\n<\/section>\n\n<\/div><\/div>\n","protected":false},"excerpt":{"rendered":"<p>https:\/\/lexelart.com\/?page_id=230<\/p>\n","protected":false},"author":1,"featured_media":0,"parent":0,"menu_order":0,"comment_status":"closed","ping_status":"closed","template":"","meta":{"footnotes":""},"aioseo_notices":[],"_links":{"self":[{"href":"https:\/\/lexelart.com\/it\/wp-json\/wp\/v2\/pages\/230"}],"collection":[{"href":"https:\/\/lexelart.com\/it\/wp-json\/wp\/v2\/pages"}],"about":[{"href":"https:\/\/lexelart.com\/it\/wp-json\/wp\/v2\/types\/page"}],"author":[{"embeddable":true,"href":"https:\/\/lexelart.com\/it\/wp-json\/wp\/v2\/users\/1"}],"replies":[{"embeddable":true,"href":"https:\/\/lexelart.com\/it\/wp-json\/wp\/v2\/comments?post=230"}],"version-history":[{"count":3,"href":"https:\/\/lexelart.com\/it\/wp-json\/wp\/v2\/pages\/230\/revisions"}],"predecessor-version":[{"id":413,"href":"https:\/\/lexelart.com\/it\/wp-json\/wp\/v2\/pages\/230\/revisions\/413"}],"wp:attachment":[{"href":"https:\/\/lexelart.com\/it\/wp-json\/wp\/v2\/media?parent=230"}],"curies":[{"name":"wp","href":"https:\/\/api.w.org\/{rel}","templated":true}]}}