{"id":243,"date":"2016-09-14T14:48:35","date_gmt":"2016-09-14T14:48:35","guid":{"rendered":"http:\/\/lexelart.com\/?page_id=243"},"modified":"2016-09-19T06:38:43","modified_gmt":"2016-09-19T06:38:43","slug":"fabrication","status":"publish","type":"page","link":"https:\/\/lexelart.com\/fr\/fabrication\/","title":{"rendered":"FABRICATION"},"content":{"rendered":"<\/div><\/div><\/div><!-- close content main div --><\/div><\/div><div id='full_slider_1' class='avia-fullwidth-slider main_color avia-shadow   container_wrap sidebar_right'   ><div  data-size='no scaling'  data-lightbox_size='large'  data-animation='slide'  data-conditional_play=''  data-ids='143'  data-video_counter='0'  data-autoplay='false'  data-bg_slider='false'  data-slide_height=''  data-handle='av_slideshow_full'  data-interval='5'  data-class=' '  data-css_id=''  data-scroll_down=''  data-control_layout='av-control-default'  data-custom_markup=''  data-perma_caption=''  data-autoplay_stopper=''  data-image_attachment=''  data-min_height='0px'  data-src=''  data-position='top left'  data-repeat='no-repeat'  data-attach='scroll'  data-stretch=''  class='avia-slideshow avia-slideshow-1  av-control-default av-default-height-applied avia-slideshow-no scaling av_slideshow_full   avia-slide-slider '  itemprop=\"ImageObject\" itemscope=\"itemscope\" itemtype=\"https:\/\/schema.org\/ImageObject\" ><ul class='avia-slideshow-inner ' style='padding-bottom: 26.041666666667%;' ><li  class=' av-single-slide slide-1 ' ><div data-rel='slideshow-1' class='avia-slide-wrap '   ><img src='https:\/\/lexelart.com\/wp-content\/uploads\/2016\/09\/historia.jpg' width='1920' height='500' title='historia' alt=''  itemprop=\"thumbnailUrl\"   \/><\/div><\/li><\/ul><\/div><\/div>\n<div class=\"flex_column av_one_half  flex_column_div av-zero-column-padding first  \" style='border-radius:0px; '><section class=\"av_textblock_section \"  itemscope=\"itemscope\" itemtype=\"https:\/\/schema.org\/CreativeWork\" ><div class='avia_textblock  '   itemprop=\"text\" ><p>LEXELART, S.L. est une entreprise espagnole sp\u00e9cialis\u00e9e dans la production de chaussure en cuir de tous types. Nous sommes centr\u00e9s \u00e0 Elche (R\u00e9gion d\u2019Alicante \u2013 Espagne), l\u2019un des plus grands p\u00f4les europ\u00e9ens dans lequel se concentre la production de chaussures.<\/p>\n<p>En l\u2019an 2000, nous avons d\u00e9centralis\u00e9 la majeure partie de notre production en Asie, tout en maintenant nos standards de qualit\u00e9 et proc\u00e9d\u00e9s de fabrication. Nous produisons nos propres marques et fabriquons pour d\u2019autres marques espagnoles, europ\u00e9ennes et am\u00e9ricaines mondialement reconnues.<br \/>\nEn milieu d\u2019ann\u00e9e 2000, nous avons \u00e9tabli nos zones de production au nord et sud du Vietnam, \u00e0 Canton (en Chine) et dans les nouveaux territoires (aux alentours de Hong Kong et Macao).<\/p>\n<p>Nous puisons toutes nos connaissances et comp\u00e9tences en Espagne o\u00f9 la production de chaussures et une v\u00e9ritable tradition. De plus nous cultivons notre savoir faire acquis au cours de 40 ans d\u2019exp\u00e9rience dans la fabrication de chaussures aussi bien artisanale qu\u2019industrielle.<\/p>\n<p>Nos standards de qualit\u00e9 ainsi que tous nos mat\u00e9riaux r\u00e9pondent aux r\u00e9glementations internationales garantissant ainsi un r\u00e9sultat final en accord avec nos exigences et celles de nos clients. Afin de respecter les dits standards de qualit\u00e9, nous importons beaucoup de nos mati\u00e8res premi\u00e8res depuis l\u2019Espagne ou l\u2019Italie.<\/p>\n<\/div><\/section><\/div><div class=\"flex_column av_one_half  flex_column_div av-zero-column-padding   \" style='border-radius:0px; '><section class=\"av_textblock_section \"  itemscope=\"itemscope\" itemtype=\"https:\/\/schema.org\/CreativeWork\" ><div class='avia_textblock  '   itemprop=\"text\" ><p>Nos techniciens pr\u00e9sents en Asie ont \u00e9t\u00e9 form\u00e9s en Espagne par des professionnels Espagnols et Europ\u00e9ens et aussi par nos mod\u00e9listes, stylistes qui visitent r\u00e9guli\u00e8rement nos usines de production en extr\u00eame Orient.<\/p>\n<p>Une partie de notre \u00e9quipe de direction est aussi partie au Vietnam et en Chine afin de pouvoir contr\u00f4ler au plus pr\u00e8s et le plus s\u00e9rieusement possible toute la production.<\/p>\n<p>Toutes nos activit\u00e9s de production et de contr\u00f4le de qualit\u00e9 sont dirig\u00e9es depuis notre si\u00e8ge social bas\u00e9 en Espagne (Elche) pour que nos succursales suivent la m\u00eame responsabilit\u00e9 et les m\u00eames engagements que ceux exig\u00e9s par nos clients.<\/p>\n<p>La taille de nos usines varie, elles peuvent produire de 1.000 \u00e0 15.000 paires par jour. Nous choisissons le lieu de fabrication en fonction de la gamme de produits \u00e0 fabriquer. Nous nous basons sur le type de mod\u00e8le requis, le rapport qualit\u00e9\/prix, ainsi que sur les machines qui sont \u00e0 notre disposition dans chaque usine, \u00e0 savoir si elles sont ad\u00e9quates ou non pour le type de construction requis par le mod\u00e8le \u00e0 fabriquer.<\/p>\n<\/div><\/section><\/div><\/p>\n","protected":false},"excerpt":{"rendered":"<p>https:\/\/lexelart.com\/?page_id=243<\/p>\n","protected":false},"author":1,"featured_media":0,"parent":0,"menu_order":0,"comment_status":"closed","ping_status":"closed","template":"","meta":{"footnotes":""},"aioseo_notices":[],"_links":{"self":[{"href":"https:\/\/lexelart.com\/fr\/wp-json\/wp\/v2\/pages\/243"}],"collection":[{"href":"https:\/\/lexelart.com\/fr\/wp-json\/wp\/v2\/pages"}],"about":[{"href":"https:\/\/lexelart.com\/fr\/wp-json\/wp\/v2\/types\/page"}],"author":[{"embeddable":true,"href":"https:\/\/lexelart.com\/fr\/wp-json\/wp\/v2\/users\/1"}],"replies":[{"embeddable":true,"href":"https:\/\/lexelart.com\/fr\/wp-json\/wp\/v2\/comments?post=243"}],"version-history":[{"count":3,"href":"https:\/\/lexelart.com\/fr\/wp-json\/wp\/v2\/pages\/243\/revisions"}],"predecessor-version":[{"id":370,"href":"https:\/\/lexelart.com\/fr\/wp-json\/wp\/v2\/pages\/243\/revisions\/370"}],"wp:attachment":[{"href":"https:\/\/lexelart.com\/fr\/wp-json\/wp\/v2\/media?parent=243"}],"curies":[{"name":"wp","href":"https:\/\/api.w.org\/{rel}","templated":true}]}}