{"id":228,"date":"2016-09-14T14:48:58","date_gmt":"2016-09-14T14:48:58","guid":{"rendered":"http:\/\/lexelart.com\/?page_id=228"},"modified":"2016-09-19T06:46:33","modified_gmt":"2016-09-19T06:46:33","slug":"services","status":"publish","type":"page","link":"https:\/\/lexelart.com\/fr\/services\/","title":{"rendered":"SERVICES"},"content":{"rendered":"<\/div><\/div><\/div><!-- close content main div --><\/div><\/div><div id='full_slider_1' class='avia-fullwidth-slider main_color avia-shadow   container_wrap sidebar_right'   ><div  data-size='no scaling'  data-lightbox_size='large'  data-animation='slide'  data-conditional_play=''  data-ids='150'  data-video_counter='0'  data-autoplay='false'  data-bg_slider='false'  data-slide_height=''  data-handle='av_slideshow_full'  data-interval='5'  data-class=' '  data-css_id=''  data-scroll_down=''  data-control_layout='av-control-default'  data-custom_markup=''  data-perma_caption=''  data-autoplay_stopper=''  data-image_attachment=''  data-min_height='0px'  data-src=''  data-position='top left'  data-repeat='no-repeat'  data-attach='scroll'  data-stretch=''  class='avia-slideshow avia-slideshow-1  av-control-default av-default-height-applied avia-slideshow-no scaling av_slideshow_full   avia-slide-slider '  itemprop=\"ImageObject\" itemscope=\"itemscope\" itemtype=\"https:\/\/schema.org\/ImageObject\" ><ul class='avia-slideshow-inner ' style='padding-bottom: 26.041666666667%;' ><li  class=' av-single-slide slide-1 ' ><div data-rel='slideshow-1' class='avia-slide-wrap '   ><img src='https:\/\/lexelart.com\/wp-content\/uploads\/2016\/09\/servicios.jpg' width='1920' height='500' title='servicios' alt=''  itemprop=\"thumbnailUrl\"   \/><\/div><\/li><\/ul><\/div><\/div>\n<div class=\"flex_column av_one_full  flex_column_div av-zero-column-padding first  \" style='border-radius:0px; '><div class=\"tabcontainer   top_tab  \">\n\n<section class=\"av_tab_section\"  itemscope=\"itemscope\" itemtype=\"https:\/\/schema.org\/CreativeWork\" >    <div data-fake-id=\"#tab-id-1\" class=\"tab active_tab\"  itemprop=\"headline\" >INTRODUCTION<\/div>\n    <div id=\"tab-id-1-container\" class=\"tab_content active_tab_content\">\n        <div class=\"tab_inner_content invers-color\"  itemprop=\"text\" >\n<p>Nous offrons professionnalisme, exp\u00e9rience, cr\u00e9ativit\u00e9 et service de contr\u00f4le de qualit\u00e9 en accord avec les besoins et attentes de nos clients.<\/p>\n<p>Nous mettons nos services \u00e0 disposition de n\u2019importe quelle entreprise qui recherche un produit de qualit\u00e9. Nous prenons en charge depuis la recherche de fabricant, en passant par l\u2019organisation de la production tout en ma\u00eetrisant les \u00e9tapes l\u00e9gales qui m\u00e8nent \u00e0 l\u2019achat final de la production.<\/p>\n<p>Nos laboratoires r\u00e9alisent toutes sortes de tests sur les mat\u00e9riaux, depuis le cuir jusqu\u2019\u00e0 la semelle afin de v\u00e9rifier leur r\u00e9sistance \u00e0 la chaleur, au frottement, \u00e0 la sueur, la r\u00e9sistance de la couleur \u00e0 la lumi\u00e8re,etc&#8230; Nous testons aussi la flexibilit\u00e9 et la capacit\u00e9 d\u2019\u00e9tirement de la semelle. Nous contr\u00f4lons la chaussure en elle-m\u00eame afin de s\u2019assurer de la bonne adh\u00e9rence du collage, la solidit\u00e9 des coutures, etc\u2026<br \/>\nNos laboratoires basent leurs tests sur les normes nationales et internationales suivantes:<\/p>\n<p><strong>ALLEMAGNE<\/strong><br \/>\nDeutsches Institut F\u00fcr Normung (DIN)<br \/>\n<strong>ETATS UNIS<\/strong><br \/>\nAmerican Society of testing and Material (ASTM)<br \/>\n<strong>ESPAGNE<\/strong><br \/>\nAsociaci\u00f3n Espa\u00f1ola de Normalizaci\u00f3n y Certificaci\u00f3n (AENOR)<br \/>\nNormas UNE<br \/>\n<strong>ROYAUME<\/strong><br \/>\nUnis:British Standard (BS)<br \/>\nSATRA<br \/>\n<strong>OTROS<\/strong><br \/>\nInternational Standard Organization (ISO)<\/p>\n<p>En compl\u00e9ment des tests de laboratoires, nous inspectons de fa\u00e7on continue les \u00e9tapes vari\u00e9es du d\u00e9veloppement des \u00e9chantillons, de la pr\u00e9 production, des productions, et m\u00eame jusqu\u2019au chargement de la marchandise.<\/p>\n<p>Nos techniciens ont une vision compl\u00e8te et globale du produit, minimisant ainsi les r\u00e9clamations possibles et les d\u00e9fauts cach\u00e9s tels que le bon suivi des instructions d\u2019emballage.<\/p>\n<p>Nous vous offrons les avantages suivants :<\/p>\n<ul>\n<li>Diminution des risques de recevoir de la marchandise d\u00e9fectueuse ou diff\u00e9rente des \u00e9chantillons confirm\u00e9s.<\/li>\n<li>Une qualit\u00e9 supervis\u00e9e r\u00e9pondant aux m\u00eames exigences que n\u2019importe quelle production europ\u00e9enne, pour que vos produits soient plus comp\u00e9titifs sur le march\u00e9.<\/li>\n<li>Nous maintenons et augmentons la r\u00e9putation de votre produit.<\/li>\n<li>Nous r\u00e9duisons vos frais de voyage et d\u2019inspection en \u00e9change d\u2019une inspection quotidienne sur les lieux.<\/li>\n<\/ul>\n<p>Nous distribuons aussi des marques internationales par le biais d\u2019entreprises associ\u00e9es, dont quelques unes font partie des canaux de distributions les plus importants du march\u00e9 asiatique et am\u00e9ricain.<\/p>\n\n        <\/div>\n    <\/div>\n<\/section>\n\n<section class=\"av_tab_section\"  itemscope=\"itemscope\" itemtype=\"https:\/\/schema.org\/CreativeWork\" >    <div data-fake-id=\"#tab-id-2\" class=\"tab \"  itemprop=\"headline\" >LES MATI\u00c8RES PREMI\u00c8RES<\/div>\n    <div id=\"tab-id-2-container\" class=\"tab_content \">\n        <div class=\"tab_inner_content invers-color\"  itemprop=\"text\" >\n<p>Nos succursales r\u00e9alisent un \u00ab sourcing \u00bb permanent pour cr\u00e9er des synergies commerciales entre secteurs vari\u00e9s comme celui de la chaussure et celui de la mode. Nous repr\u00e9sentons les int\u00e9r\u00eats commerciaux de nos associ\u00e9s face aux usines collaboratrices qu\u2019elles soient publiques ou priv\u00e9es, en introduisant les produits approuv\u00e9s par nos laboratoires afin de leur faire conna\u00eetre la technologie europ\u00e9enne qui donne son aval \u00e0 nos produits.<\/p>\n<p>LEXELART vous ouvre les portes sur le march\u00e9 et l\u2019industrie internationale de la chaussure, aussi bien en processus de production qu\u2019en commercialisation \u00e0 un niveau mondial.<\/p>\n\n        <\/div>\n    <\/div>\n<\/section>\n\n<section class=\"av_tab_section\"  itemscope=\"itemscope\" itemtype=\"https:\/\/schema.org\/CreativeWork\" >    <div data-fake-id=\"#tab-id-3\" class=\"tab \"  itemprop=\"headline\" >COOP\u00c9RATION INTERNATIONALE<\/div>\n    <div id=\"tab-id-3-container\" class=\"tab_content \">\n        <div class=\"tab_inner_content invers-color\"  itemprop=\"text\" >\n<p>LEXELART coop\u00e8re avec tout son r\u00e9seau d\u2019entreprises afin d\u2019introduire chacun de ses produits de la fa\u00e7on la plus s\u00fbre et ad\u00e9quate que possible sur le march\u00e9 international. Nous apportons une technologie nouvelle, une machinerie, et des r\u00e9seaux commerciaux qui fourniront un produit prestigieux de grande qualit\u00e9.<\/p>\n<p>Nous r\u00e9duisons les risques de vente et achat dans un tiers pays et nous vous aidons \u00e0 introduire vos produits dans de nouveaux march\u00e9s.<\/p>\n\n        <\/div>\n    <\/div>\n<\/section>\n\n<section class=\"av_tab_section\"  itemscope=\"itemscope\" itemtype=\"https:\/\/schema.org\/CreativeWork\" >    <div data-fake-id=\"#tab-id-4\" class=\"tab \"  itemprop=\"headline\" >CONTR\u00d4LE DE QUALIT\u00c9<\/div>\n    <div id=\"tab-id-4-container\" class=\"tab_content \">\n        <div class=\"tab_inner_content invers-color\"  itemprop=\"text\" >\n<p>Lexelart dispose de ses propres laboratoires pour faire les tests de qualit\u00e9 et les essais de d\u00e9collage, r\u00e9gularis\u00e9 par des normes internationales.<\/p>\n<p>Notre t\u00e2che consiste \u00e0 tester :<\/p>\n<ul>\n<li>L\u2019adh\u00e9rence du talon<\/li>\n<li>L\u2019adh\u00e9rence de la semelle<\/li>\n<li>La r\u00e9sistance des coutures<\/li>\n<li>La r\u00e9sistance des mat\u00e9riaux aux chocs<\/li>\n<li>La r\u00e9sistance des mat\u00e9riaux aux forces de traction et d\u2019\u00e9tirement<\/li>\n<li>R\u00e9sistance au d\u00e9tachement de la fleur<\/li>\n<li>La colorim\u00e9trie des dessus et doublures<\/li>\n<li>La r\u00e9sistance des couleurs \u00e0 l\u2019humidit\u00e9 et \u00e0 la transpiration<\/li>\n<li>R\u00e9sistance \u00e0 la friction<\/li>\n<li>R\u00e9sistance \u00e0 la flexion<\/li>\n<li>L\u2019extensibilit\u00e9 des \u00e9l\u00e9ments en plastique ou caoutchouc.<\/li>\n<li>R\u00e9sistance \u00e0 la chaleur<\/li>\n<li>Tests d\u2019abrasion<\/li>\n<li>Solidit\u00e9 des anneaux\/ velcros\/ boutons et d\u00e9corations<\/li>\n<li>R\u00e9sistance \u00e0 l\u2019oxydation de toutes les pi\u00e8ces m\u00e9talliques<\/li>\n<\/ul>\n<p>Durant tout le processus de pr\u00e9 production et r\u00e9ception des mat\u00e9riaux, nos experts testent de nouveau scrupuleusement chaque mat\u00e9riel afin de s\u2019assurer que tous les composants utilis\u00e9s respectent les normes requises.<\/p>\n<p>De m\u00eame, nous r\u00e9visons r\u00e9guli\u00e8rement l\u2019adh\u00e9rence de la semelle ainsi que la r\u00e9sistance des assemblages afin de garantir une bonne tenue de la chaussure.<\/p>\n<p>Nos unit\u00e9s produisent des chaussures en suivant des types de fabrication vari\u00e9s tels que le mocassin, le coll\u00e9 ou soud\u00e9, le cousu black ou cousu machine, le cousu Good Year ou Tr\u00e9pointe, le vulcanis\u00e9, le montage california, le cousu sandalette ou flexible, le montage pour chaussures de randonn\u00e9es, de bottes hautes et m\u00eame bottes de moto.<\/p>\n<p>Nous offrons aussi bien des chaussures pour enfant que pour hommes et femmes.<\/p>\n<p>Les services de couture disposent des meilleures et plus r\u00e9centes machines dot\u00e9es de capteurs de m\u00e9tal qui \u00e9vitent de casser les aiguilles et de contr\u00f4les quotidiens afin de faire de chaque paire une r\u00e9plique parfaite de l\u2019\u00e9chantillon de confirmation. Nos employ\u00e9s sont r\u00e9guli\u00e8rement form\u00e9s et s\u2019entra\u00eenent \u00e0 r\u00e9aliser aussi bien des ornements compliqu\u00e9s que des broderies \u00e0 la mode, des transferts, des impressions au laser ou m\u00eame des estamp\u00e9s, tous de la meilleure qualit\u00e9.<\/p>\n\n        <\/div>\n    <\/div>\n<\/section>\n\n<\/div><\/div>\n","protected":false},"excerpt":{"rendered":"<p>https:\/\/lexelart.com\/?page_id=228<\/p>\n","protected":false},"author":1,"featured_media":0,"parent":0,"menu_order":0,"comment_status":"closed","ping_status":"closed","template":"","meta":{"footnotes":""},"aioseo_notices":[],"_links":{"self":[{"href":"https:\/\/lexelart.com\/fr\/wp-json\/wp\/v2\/pages\/228"}],"collection":[{"href":"https:\/\/lexelart.com\/fr\/wp-json\/wp\/v2\/pages"}],"about":[{"href":"https:\/\/lexelart.com\/fr\/wp-json\/wp\/v2\/types\/page"}],"author":[{"embeddable":true,"href":"https:\/\/lexelart.com\/fr\/wp-json\/wp\/v2\/users\/1"}],"replies":[{"embeddable":true,"href":"https:\/\/lexelart.com\/fr\/wp-json\/wp\/v2\/comments?post=228"}],"version-history":[{"count":3,"href":"https:\/\/lexelart.com\/fr\/wp-json\/wp\/v2\/pages\/228\/revisions"}],"predecessor-version":[{"id":375,"href":"https:\/\/lexelart.com\/fr\/wp-json\/wp\/v2\/pages\/228\/revisions\/375"}],"wp:attachment":[{"href":"https:\/\/lexelart.com\/fr\/wp-json\/wp\/v2\/media?parent=228"}],"curies":[{"name":"wp","href":"https:\/\/api.w.org\/{rel}","templated":true}]}}