{"id":218,"date":"2016-09-14T14:48:46","date_gmt":"2016-09-14T14:48:46","guid":{"rendered":"http:\/\/lexelart.com\/?page_id=218"},"modified":"2018-07-13T14:15:10","modified_gmt":"2018-07-13T14:15:10","slug":"enterprise-controle-qualite-industrie-chaussure","status":"publish","type":"page","link":"https:\/\/lexelart.com\/fr\/enterprise-controle-qualite-industrie-chaussure\/","title":{"rendered":"ENTERPRISE"},"content":{"rendered":"<\/div><\/div><\/div><!-- close content main div --><\/div><\/div><div id='full_slider_1' class='avia-fullwidth-slider main_color avia-shadow   container_wrap sidebar_right'   ><div  data-size='no scaling'  data-lightbox_size='large'  data-animation='slide'  data-conditional_play=''  data-ids='114'  data-video_counter='0'  data-autoplay='false'  data-bg_slider='false'  data-slide_height=''  data-handle='av_slideshow_full'  data-interval='5'  data-class=' '  data-css_id=''  data-scroll_down=''  data-control_layout='av-control-default'  data-custom_markup=''  data-perma_caption=''  data-autoplay_stopper=''  data-image_attachment=''  data-min_height='0px'  data-src=''  data-position='top left'  data-repeat='no-repeat'  data-attach='scroll'  data-stretch=''  class='avia-slideshow avia-slideshow-1  av-control-default av-default-height-applied avia-slideshow-no scaling av_slideshow_full   avia-slide-slider '  itemprop=\"ImageObject\" itemscope=\"itemscope\" itemtype=\"https:\/\/schema.org\/ImageObject\" ><ul class='avia-slideshow-inner ' style='padding-bottom: 26.041666666667%;' ><li  class=' av-single-slide slide-1 ' ><div data-rel='slideshow-1' class='avia-slide-wrap '   ><img src='https:\/\/lexelart.com\/wp-content\/uploads\/2016\/09\/empresa.jpg' width='1920' height='500' title='empresa' alt=''  itemprop=\"thumbnailUrl\"   \/><\/div><\/li><\/ul><\/div><\/div>\n<div class=\"flex_column av_one_half  flex_column_div av-zero-column-padding first  \" style='border-radius:0px; '><section class=\"av_textblock_section \"  itemscope=\"itemscope\" itemtype=\"https:\/\/schema.org\/CreativeWork\" ><div class='avia_textblock  '   itemprop=\"text\" ><p>Nous sommes cr\u00e9atifs, m\u00e9ticuleux, nous contr\u00f4lons pas \u00e0 pas chaque \u00e9tape, nous sommes LEXELART.<\/p>\n<p>La qualit\u00e9 finale du produit est notre objectif principal car elle nous assure la satisfaction du client et la bonne r\u00e9putation de chacune de nos marques.<\/p>\n<p>Nous investissons pour que la qualit\u00e9 du produit r\u00e9ponde sans faille aux expectations et exigences de march\u00e9. La satisfaction du client est notre plus grande r\u00e9compense.<\/p>\n<\/div><\/section><\/div><div class=\"flex_column av_one_half  flex_column_div av-zero-column-padding   \" style='border-radius:0px; '><section class=\"av_textblock_section \"  itemscope=\"itemscope\" itemtype=\"https:\/\/schema.org\/CreativeWork\" ><div class='avia_textblock  '   itemprop=\"text\" ><p>Notre \u00e9quipe de sp\u00e9cialistes est toujours \u00e0 l\u2019aff\u00fbt de nouveaux mod\u00e8les, concepts ou innovations pour am\u00e9liorer la qualit\u00e9 finale du produit.<\/p>\n<p>Nos techniciens r\u00e9alisent un contr\u00f4le de qualit\u00e9 exhaustif \u00e0 chaque \u00e9tape du processus de production, en suivant \u00e0 la lettre les normes nationales et internationales \u00e9dict\u00e9es par les organismes officiels.<br \/>\nLexelart analyse, contr\u00f4le et d\u00e9veloppe les possibilit\u00e9s de chaque produit.<\/p>\n<\/div><\/section><\/div><\/p>\n","protected":false},"excerpt":{"rendered":"<p>https:\/\/lexelart.com\/?page_id=218<\/p>\n","protected":false},"author":1,"featured_media":0,"parent":0,"menu_order":0,"comment_status":"closed","ping_status":"closed","template":"","meta":{"footnotes":""},"aioseo_notices":[],"_links":{"self":[{"href":"https:\/\/lexelart.com\/fr\/wp-json\/wp\/v2\/pages\/218"}],"collection":[{"href":"https:\/\/lexelart.com\/fr\/wp-json\/wp\/v2\/pages"}],"about":[{"href":"https:\/\/lexelart.com\/fr\/wp-json\/wp\/v2\/types\/page"}],"author":[{"embeddable":true,"href":"https:\/\/lexelart.com\/fr\/wp-json\/wp\/v2\/users\/1"}],"replies":[{"embeddable":true,"href":"https:\/\/lexelart.com\/fr\/wp-json\/wp\/v2\/comments?post=218"}],"version-history":[{"count":3,"href":"https:\/\/lexelart.com\/fr\/wp-json\/wp\/v2\/pages\/218\/revisions"}],"predecessor-version":[{"id":371,"href":"https:\/\/lexelart.com\/fr\/wp-json\/wp\/v2\/pages\/218\/revisions\/371"}],"wp:attachment":[{"href":"https:\/\/lexelart.com\/fr\/wp-json\/wp\/v2\/media?parent=218"}],"curies":[{"name":"wp","href":"https:\/\/api.w.org\/{rel}","templated":true}]}}