{"id":254,"date":"2016-09-14T14:12:25","date_gmt":"2016-09-14T14:12:25","guid":{"rendered":"http:\/\/lexelart.com\/?page_id=254"},"modified":"2023-06-02T13:16:07","modified_gmt":"2023-06-02T13:16:07","slug":"aviso-legal","status":"publish","type":"page","link":"https:\/\/lexelart.com\/de\/aviso-legal\/","title":{"rendered":"AVISO LEGAL"},"content":{"rendered":"<section class=\"av_textblock_section \"  itemscope=\"itemscope\" itemtype=\"https:\/\/schema.org\/CreativeWork\" ><div class='avia_textblock  '   itemprop=\"text\" ><p><strong> CONDICIONES GENERALES DE USO DE LA WEB<\/strong><\/p>\n<ol>\n<li>La utilizaci\u00f3n de este espacio web est\u00e1 sujeta a la aceptaci\u00f3n plena por parte del Usuario de estas Condiciones Generales de Uso, o bien de aquellas que se encuentren vigentes en cada momento en que el usuario acceda al mismo.<\/li>\n<li>S\u00f3lo se permite el acceso a este sitio as\u00ed como su uso con fines l\u00edcitos, ajust\u00e1ndose en todo momento su uso a las presentes Condiciones Generales, la ley aplicable en cada momento, as\u00ed como la moral, buenas costumbres y orden p\u00fablico. La empresa se reserva el derecho a retirar el acceso a este sitio, sin necesidad de previo aviso, a cualquier usuario que contravenga lo dispuesto en este aviso legal, as\u00ed como a poner en conocimiento de las autoridades competentes la realizaci\u00f3n de actividades que pudiesen ser constitutivas de delito.<\/li>\n<li>La empresa se reserva el derecho unilateral de modificar en cualquier momento las presentes Condiciones Generales de Uso as\u00ed como cualesquiera otras condiciones generales o particulares de su p\u00e1gina web. Tambi\u00e9n se reserva el derecho a modificar en cualquier momento la presentaci\u00f3n, configuraci\u00f3n y localizaci\u00f3n del Sitio Web, as\u00ed como los contenidos y las condiciones requeridas para utilizar los mismos.<\/li>\n<li>El Usuario reconoce que el acceso a este sitio se realiza bajo su libre consentimiento y es responsabilidad exclusiva suya.<\/li>\n<li>LEXELART se reserva el derecho de poner en conocimiento de la Autoridad competente cualquier otro uso que pueda atentar contra sus intereses o derechos o puedan ser constitutivos de delito.<\/li>\n<li>LEXELART se reserva el derecho a poner fin a este servicio web en cualquier momento sin m\u00e1s requisito que el aviso en las presentes condiciones con 15 d\u00edas de antelaci\u00f3n.<\/li>\n<\/ol>\n<p><strong> CL\u00c1USULA DE EXCLUSI\u00d3N DE RESPONSABILIDAD<\/strong><\/p>\n<ol>\n<li>LEXELART no puede garantizar la disponibilidad permanente del servicio que ofrece este sitio, ni se hace responsable de cualesquiera da\u00f1os y perjuicios producidos o que puedan producirse en el futuro, ni de los defectos t\u00e9cnicos, cualquiera que sea su naturaleza, que se deriven del uso de la informaci\u00f3n contenida en el Web este sitio.<\/li>\n<li>En el caso de que, por un ataque inform\u00e1tico, se produjesen errores en la informaci\u00f3n facilitada, LEXELART no se hace responsable de tales errores as\u00ed como de los da\u00f1os causados por el uso de la informaci\u00f3n derivada de dichos errores.<\/li>\n<li>El contenido de esta web es meramente informativo, no haci\u00e9ndose responsable en ning\u00fan momento acerca de los posibles errores producidos en su presentaci\u00f3n. Si desea informaci\u00f3n m\u00e1s detallada, puede ponerse en contacto a trav\u00e9s de la direcci\u00f3n de correo info@lexelart.com<\/li>\n<\/ol>\n<p><strong> R\u00c9GIMEN DE PROPIEDAD INDUSTRIAL E INTELECTUAL<\/strong><\/p>\n<ol>\n<li>La propiedad industrial e intelectual de cuantos logos, emblemas, o cualquier elemento incorporado en el dise\u00f1o de este sitio pertenece en exclusiva a LEXELART. El Usuario reconoce y acepta estos derechos. Los elementos de esta web sobre los que LEXELART no tiene derechos de propiedad intelectual o industrial son usados con el correspondiente permiso.<\/li>\n<li>No est\u00e1 permitido eludir el copyright sobre los derechos de LEXELART as\u00ed como eludir o tratar de eludir los sistemas que haya o pueda haber de protecci\u00f3n de los contenidos. Se permite el derecho de cita siempre que se indique la fuente de la que proviene.<\/li>\n<li>Cualquier violaci\u00f3n de los derechos de propiedad intelectual o industrial de este portal o los elementos de LEXELART, ser\u00e1 objeto de las oportunas medidas legales para lograr la protecci\u00f3n de \u00e9stos.<\/li>\n<\/ol>\n<p><strong> PROTECCI\u00d3N DE DATOS<\/strong><\/p>\n<p>Los datos que nos facilita ser\u00e1n incorporados a un fichero con la finalidad de mantener las relaciones comerciales con Ud., cuyo responsable es LEXELART. Puede ejercer sus derechos en materia de Protecci\u00f3n de Datos en la siguiente direcci\u00f3n:<\/p>\n<p>LEXELART-MERCURI V CORPORATION S.L.U<\/p>\n<p>B02826980<br \/>\nC.\/ del Vespre 9, 9<\/p>\n<p>03110 \u2013 Mutxamel (Alicante) \u2013 Espa\u00f1a.<br \/>\nTelf +34 965\u00a0682 630<\/p>\n<p><strong>LEGISLACI\u00d3N APLICABLE<\/strong><\/p>\n<p>LEXELART\u00a0informa que este sitio web se encuentra alojado en Espa\u00f1a, pa\u00eds en el que ofrece sus servicios, y por ello la \u00fanica legislaci\u00f3n aplicable para resolver cualquier conflicto respecto a la interpretaci\u00f3n de estas condiciones, es la legislaci\u00f3n espa\u00f1ola, as\u00ed como los Tratados Internacionales que haya suscrito Espa\u00f1a.<\/p>\n<p>Mediante la aceptaci\u00f3n de las presentes Condiciones Generales, el usuario se somete a la jurisdicci\u00f3n de los Tribunales de la ciudad de Alicante, para resolver cualquier controversia relacionada con el apartado anterior.<\/p>\n<p><strong> C\u00d3MO PONERSE EN CONTACTO<\/strong><\/p>\n<p>Si desea aclarar cualquier aspecto acerca de las condiciones de uso descritas, puede dirigirse a las siguientes direcciones:<\/p>\n<p>LEXELART-MERCURI V CORPORATION S.L.U<\/p>\n<p>B02826980<br \/>\nC.\/ del Vespre 9, 9<\/p>\n<p>03110 \u2013 Mutxamel (Alicante) \u2013 Espa\u00f1a.<br \/>\nTelf +34 965\u00a0682 630<\/p>\n<p><strong> DATOS IDENTIFICATIVOS DEL PRESTADOR DE SERVICIOS<\/strong><\/p>\n<p>LEXELART-MERCURI V CORPORATION S.L.U<\/p>\n<p>B02826980<br \/>\nC.\/ del Vespre 9, 9<\/p>\n<p>03110 \u2013 Mutxamel (Alicante) \u2013 Espa\u00f1a.<br \/>\nTelf +34 965\u00a0682 630<\/p>\n<\/div><\/section>\n","protected":false},"excerpt":{"rendered":"<p>https:\/\/lexelart.com\/?page_id=27<\/p>\n","protected":false},"author":1,"featured_media":0,"parent":0,"menu_order":0,"comment_status":"closed","ping_status":"closed","template":"","meta":{"footnotes":""},"aioseo_notices":[],"_links":{"self":[{"href":"https:\/\/lexelart.com\/de\/wp-json\/wp\/v2\/pages\/254"}],"collection":[{"href":"https:\/\/lexelart.com\/de\/wp-json\/wp\/v2\/pages"}],"about":[{"href":"https:\/\/lexelart.com\/de\/wp-json\/wp\/v2\/types\/page"}],"author":[{"embeddable":true,"href":"https:\/\/lexelart.com\/de\/wp-json\/wp\/v2\/users\/1"}],"replies":[{"embeddable":true,"href":"https:\/\/lexelart.com\/de\/wp-json\/wp\/v2\/comments?post=254"}],"version-history":[{"count":3,"href":"https:\/\/lexelart.com\/de\/wp-json\/wp\/v2\/pages\/254\/revisions"}],"predecessor-version":[{"id":1077,"href":"https:\/\/lexelart.com\/de\/wp-json\/wp\/v2\/pages\/254\/revisions\/1077"}],"wp:attachment":[{"href":"https:\/\/lexelart.com\/de\/wp-json\/wp\/v2\/media?parent=254"}],"curies":[{"name":"wp","href":"https:\/\/api.w.org\/{rel}","templated":true}]}}