{"id":244,"date":"2016-09-14T14:48:35","date_gmt":"2016-09-14T14:48:35","guid":{"rendered":"http:\/\/lexelart.com\/?page_id=244"},"modified":"2016-09-19T06:54:47","modified_gmt":"2016-09-19T06:54:47","slug":"manufacturing","status":"publish","type":"page","link":"https:\/\/lexelart.com\/de\/manufacturing\/","title":{"rendered":"MANUFACTURING"},"content":{"rendered":"<\/div><\/div><\/div><!-- close content main div --><\/div><\/div><div id='full_slider_1' class='avia-fullwidth-slider main_color avia-shadow   container_wrap sidebar_right'   ><div  data-size='no scaling'  data-lightbox_size='large'  data-animation='slide'  data-conditional_play=''  data-ids='143'  data-video_counter='0'  data-autoplay='false'  data-bg_slider='false'  data-slide_height=''  data-handle='av_slideshow_full'  data-interval='5'  data-class=' '  data-css_id=''  data-scroll_down=''  data-control_layout='av-control-default'  data-custom_markup=''  data-perma_caption=''  data-autoplay_stopper=''  data-image_attachment=''  data-min_height='0px'  data-src=''  data-position='top left'  data-repeat='no-repeat'  data-attach='scroll'  data-stretch=''  class='avia-slideshow avia-slideshow-1  av-control-default av-default-height-applied avia-slideshow-no scaling av_slideshow_full   avia-slide-slider '  itemprop=\"ImageObject\" itemscope=\"itemscope\" itemtype=\"https:\/\/schema.org\/ImageObject\" ><ul class='avia-slideshow-inner ' style='padding-bottom: 26.041666666667%;' ><li  class=' av-single-slide slide-1 ' ><div data-rel='slideshow-1' class='avia-slide-wrap '   ><img src='https:\/\/lexelart.com\/wp-content\/uploads\/2016\/09\/historia.jpg' width='1920' height='500' title='historia' alt=''  itemprop=\"thumbnailUrl\"   \/><\/div><\/li><\/ul><\/div><\/div>\n<div class=\"flex_column av_one_half  flex_column_div av-zero-column-padding first  \" style='border-radius:0px; '><section class=\"av_textblock_section \"  itemscope=\"itemscope\" itemtype=\"https:\/\/schema.org\/CreativeWork\" ><div class='avia_textblock  '   itemprop=\"text\" ><p>LEXELART, S.L. ist ein spanisches Unternehmen, welches sich auf die Herstellung von Schuhen jeglicher Lederart spezialisiert hat. Unser Firmensitz befindet sich in Elche (Alicante-Spanien), eines der wichtigsten europ\u00e4ischen Industriezentren, was die Schuhherstellung anbelangt. Seit Anfang des Jahres 2000 haben wir den Gro\u00dfteil unserer Produktion nach Asien verlagert, unter Einhaltung unseres Qualtit\u00e4tsstandards und Herstellungsverfahren. Wir stellen unsere eigene Marke her, und produzieren ferner f\u00fcr andere wichtige spanische, europ\u00e4ische und amerikanische weltweit bekannten Markenfirmen.<\/p>\n<p>Unsere Produktionsst\u00e4tten in Fernost wurden Mitte des Jahres 2000 gegr\u00fcndet und befinden sich im Nord- und S\u00fcdvietnam, in Kanton (China) und in en New Territories (nahe Hong Kong und Macau). Wir besitzen in Spanien eine langj\u00e4hrige Tradition in der Schuhproduktion, ebenso wie das notwendinge Know-how, das wir w\u00e4hrend unserer mehr als 40 j\u00e4hrigen Erfahrung in der handwerklichen sowie industriellen Schuhherstelleung erworben haben. Unser Qualit\u00e4tsstandard ebenso wie unsere Materialien erf\u00fcllen die internationalen Richtlinien und garantieren somit ein Endergebnis in \u00dcbereinstimmung mit den eigenen Anforderungen und die unserer Kunden. Zahlreiche unserer Rohstoffe werden aus Spanien und Italien importiert um so die erw\u00e4hrten Qualit\u00e4tsstandards zu garantieren. Unsere Fachleute in Asien sind in Spanien durch spanische und europ\u00e4ische Experten ausgebildet worden, ebenso durch Modellzeicher und Designer, die regelm\u00e4ssig unsere Produktionsst\u00e4tten in Fernost besuchen. Andererseits, hat ein Teil der Vorstandsgruppe seinen Wohnsitz nach China und Vietnam verlagert, um die gesamte Produktion unter st\u00e4ndiger und strikter Kontrolle zu beaufsichtigen.<\/p>\n<\/div><\/section><\/div><div class=\"flex_column av_one_half  flex_column_div av-zero-column-padding   \" style='border-radius:0px; '><section class=\"av_textblock_section \"  itemscope=\"itemscope\" itemtype=\"https:\/\/schema.org\/CreativeWork\" ><div class='avia_textblock  '   itemprop=\"text\" ><p>S\u00e4mtliche Produktionsabl\u00e4ufe, sowie Qualit\u00e4tskontrollen werden von unserem Hauptsitz aus in Spanien (Elche) geleitet, damit unserer Zweigstellen mit der gleichen Eigenverantwortung und dem gleichen Engagement handeln, das unsere Kunden von uns fordern.<\/p>\n<p>Die Produktionsst\u00e4tten sind von unterschiedlicher Gr\u00f6\u00dfe und stellen zwischen 1.000 und 15.000 Paar pro Tag her. Abh\u00e4ngig von der herzustellenden Artikelgruppe wird die Produktions in der einen order der anderen Produktionsst\u00e4tte realisiert, entscheidend hierf\u00fcr sind die Erfordernisse des Dessins, die Qualit\u00e4t, der Preis sowie die Verf\u00fcgbarkeit der geeigneten Maschinen f\u00fcr den entsprechenden Konstruktionstyp.<\/p>\n<\/div><\/section><\/div><\/p>\n","protected":false},"excerpt":{"rendered":"<p>https:\/\/lexelart.com\/?page_id=244<\/p>\n","protected":false},"author":1,"featured_media":0,"parent":0,"menu_order":0,"comment_status":"closed","ping_status":"closed","template":"","meta":{"footnotes":""},"aioseo_notices":[],"_links":{"self":[{"href":"https:\/\/lexelart.com\/de\/wp-json\/wp\/v2\/pages\/244"}],"collection":[{"href":"https:\/\/lexelart.com\/de\/wp-json\/wp\/v2\/pages"}],"about":[{"href":"https:\/\/lexelart.com\/de\/wp-json\/wp\/v2\/types\/page"}],"author":[{"embeddable":true,"href":"https:\/\/lexelart.com\/de\/wp-json\/wp\/v2\/users\/1"}],"replies":[{"embeddable":true,"href":"https:\/\/lexelart.com\/de\/wp-json\/wp\/v2\/comments?post=244"}],"version-history":[{"count":3,"href":"https:\/\/lexelart.com\/de\/wp-json\/wp\/v2\/pages\/244\/revisions"}],"predecessor-version":[{"id":385,"href":"https:\/\/lexelart.com\/de\/wp-json\/wp\/v2\/pages\/244\/revisions\/385"}],"wp:attachment":[{"href":"https:\/\/lexelart.com\/de\/wp-json\/wp\/v2\/media?parent=244"}],"curies":[{"name":"wp","href":"https:\/\/api.w.org\/{rel}","templated":true}]}}